{"id":39,"date":"2020-07-05T18:37:50","date_gmt":"2020-07-05T18:37:50","guid":{"rendered":"https:\/\/www.connectronics.ch\/?page_id=39"},"modified":"2025-08-21T11:39:05","modified_gmt":"2025-08-21T11:39:05","slug":"home","status":"publish","type":"page","link":"https:\/\/www.connectronics.ch\/","title":{"rendered":"Home"},"content":{"rendered":"\t\t<div data-elementor-type=\"wp-page\" data-elementor-id=\"39\" class=\"elementor elementor-39\">\n\t\t\t\t<div class=\"elementor-element elementor-element-7e62ab84 e-flex e-con-boxed e-con e-parent\" data-id=\"7e62ab84\" data-element_type=\"container\">\n\t\t\t\t\t<div class=\"e-con-inner\">\n\t\t<div class=\"elementor-element elementor-element-3156231 e-con-full e-flex e-con e-child\" data-id=\"3156231\" data-element_type=\"container\">\n\t\t\t\t<div class=\"elementor-element elementor-element-efe14cb animated-slow elementor-invisible elementor-widget elementor-widget-text-editor\" data-id=\"efe14cb\" data-element_type=\"widget\" data-settings=\"{&quot;_animation&quot;:&quot;fadeIn&quot;,&quot;_animation_delay&quot;:0}\" data-widget_type=\"text-editor.default\">\n\t\t\t\t\t\t\t\t\t<p>Die\u00a0connectronics GmbH\u00a0ist eine unabh\u00e4ngige Firma f\u00fcr die Entwicklung von Software und Hardware.<br \/>Wir haben uns auf Echtzeitsysteme spezialisiert.\u00a0<br \/>Dies beinhaltet:<br \/>&#8211; Steuerung und Regelung<br \/>&#8211; \u00dcberwachung \/ Protokollierung \/ Bedienung<br \/>&#8211; Kommunikation (Feldbusse, Datennetze)<\/p>\n<p>Referenzprojekte siehe\u00a0<a href=\"https:\/\/www.connectronics.ch\/?page_id=21\">Know How &gt;<\/a><\/p>\n<p>Bei diesen Anwendungen handelt es sich oft um Embedded Systems auf einer speziellen Plattform und entsprechendem Betriebsystem. Es k\u00f6nnen jedoch auch normale PCs sein mit Windows-.NET oder Linux.<\/p>\n<p>Die verschiedenen Seiten unsere Homepage erlauben einen Einblick in unsere Arbeit. Wir w\u00fcrden uns freuen, auch Sie oder Ihre Firma schon bald zu unseren Kunden z\u00e4hlen zu d\u00fcrfen!<\/p>\t\t\t\t\t\t\t\t<\/div>\n\t\t\t\t<\/div>\n\t\t\t\t\t<\/div>\n\t\t\t\t<\/div>\n\t\t\t\t<\/div>\n\t\t","protected":false},"excerpt":{"rendered":"<p>Die\u00a0connectronics GmbH\u00a0ist eine unabh\u00e4ngige Firma f\u00fcr die Entwicklung von Software und Hardware.Wir haben uns auf Echtzeitsysteme spezialisiert.\u00a0Dies beinhaltet:&#8211; Steuerung und Regelung&#8211; \u00dcberwachung \/ Protokollierung \/ Bedienung&#8211; Kommunikation (Feldbusse, Datennetze) Referenzprojekte siehe\u00a0Know How &gt; Bei diesen Anwendungen handelt es sich oft um Embedded Systems auf einer speziellen Plattform und entsprechendem Betriebsystem. Es k\u00f6nnen jedoch auch normale [&hellip;]<\/p>\n","protected":false},"author":1,"featured_media":0,"parent":0,"menu_order":0,"comment_status":"closed","ping_status":"closed","template":"","meta":{"footnotes":""},"class_list":["post-39","page","type-page","status-publish","hentry"],"_links":{"self":[{"href":"https:\/\/www.connectronics.ch\/index.php?rest_route=\/wp\/v2\/pages\/39","targetHints":{"allow":["GET"]}}],"collection":[{"href":"https:\/\/www.connectronics.ch\/index.php?rest_route=\/wp\/v2\/pages"}],"about":[{"href":"https:\/\/www.connectronics.ch\/index.php?rest_route=\/wp\/v2\/types\/page"}],"author":[{"embeddable":true,"href":"https:\/\/www.connectronics.ch\/index.php?rest_route=\/wp\/v2\/users\/1"}],"replies":[{"embeddable":true,"href":"https:\/\/www.connectronics.ch\/index.php?rest_route=%2Fwp%2Fv2%2Fcomments&post=39"}],"version-history":[{"count":22,"href":"https:\/\/www.connectronics.ch\/index.php?rest_route=\/wp\/v2\/pages\/39\/revisions"}],"predecessor-version":[{"id":111,"href":"https:\/\/www.connectronics.ch\/index.php?rest_route=\/wp\/v2\/pages\/39\/revisions\/111"}],"wp:attachment":[{"href":"https:\/\/www.connectronics.ch\/index.php?rest_route=%2Fwp%2Fv2%2Fmedia&parent=39"}],"curies":[{"name":"wp","href":"https:\/\/api.w.org\/{rel}","templated":true}]}}