{"id":28,"date":"2020-07-05T18:32:02","date_gmt":"2020-07-05T18:32:02","guid":{"rendered":"https:\/\/www.connectronics.ch\/?page_id=28"},"modified":"2025-08-21T10:59:50","modified_gmt":"2025-08-21T10:59:50","slug":"das-unternehmen","status":"publish","type":"page","link":"https:\/\/www.connectronics.ch\/?page_id=28","title":{"rendered":"Das Unternehmen"},"content":{"rendered":"\n<p>Die connectronics GmbH wurde 2017 mit Sitz in Murgenthal (AG) gegr\u00fcndet. <\/p>\n\n\n\n<p>Die connectronics GmbH ist eine unabh\u00e4ngige Firma f\u00fcr die Entwicklung von Software und Hardware.<\/p>\n\n\n\n<p><\/p>\n\n\n\n<p><br><\/p>\n\n\n\n<h5 class=\"wp-block-heading\"><a href=\"http:\/\/www.bootup.ch\/PrivateLogin.html\">Auftraggeber \/ Referenzen<\/a><\/h5>\n\n\n\n<p>Swisstronics AG, Bronschhofen<br>Vorwerk AG, Wuppertal<br><\/p>\n\n\n\n<h5 class=\"wp-block-heading\"><a href=\"http:\/\/www.bootup.ch\/PrivateLogin.html\">Weitere Efahrungen<\/a><\/h5>\n\n\n\n<p>Siemens AG, Zug<br>ABB Schweiz AG, Turgi<br>Peiker acustic GmbH &amp; co KG, Friedrichsdorf<br>ISW,  Stuttgart<br> <\/p>\n\n\n<p><!--EndFragment--><\/p>\n\n\n<p><\/p>\n","protected":false},"excerpt":{"rendered":"<p>Die connectronics GmbH wurde 2017 mit Sitz in Murgenthal (AG) gegr\u00fcndet. Die connectronics GmbH ist eine unabh\u00e4ngige Firma f\u00fcr die Entwicklung von Software und Hardware. Auftraggeber \/ Referenzen Swisstronics AG, BronschhofenVorwerk AG, Wuppertal Weitere Efahrungen Siemens AG, ZugABB Schweiz AG, TurgiPeiker acustic GmbH &amp; co KG, FriedrichsdorfISW, Stuttgart<\/p>\n","protected":false},"author":1,"featured_media":0,"parent":39,"menu_order":3,"comment_status":"closed","ping_status":"closed","template":"template-parts\/template-page-builders.php","meta":{"footnotes":""},"class_list":["post-28","page","type-page","status-publish","hentry"],"_links":{"self":[{"href":"https:\/\/www.connectronics.ch\/index.php?rest_route=\/wp\/v2\/pages\/28","targetHints":{"allow":["GET"]}}],"collection":[{"href":"https:\/\/www.connectronics.ch\/index.php?rest_route=\/wp\/v2\/pages"}],"about":[{"href":"https:\/\/www.connectronics.ch\/index.php?rest_route=\/wp\/v2\/types\/page"}],"author":[{"embeddable":true,"href":"https:\/\/www.connectronics.ch\/index.php?rest_route=\/wp\/v2\/users\/1"}],"replies":[{"embeddable":true,"href":"https:\/\/www.connectronics.ch\/index.php?rest_route=%2Fwp%2Fv2%2Fcomments&post=28"}],"version-history":[{"count":6,"href":"https:\/\/www.connectronics.ch\/index.php?rest_route=\/wp\/v2\/pages\/28\/revisions"}],"predecessor-version":[{"id":70,"href":"https:\/\/www.connectronics.ch\/index.php?rest_route=\/wp\/v2\/pages\/28\/revisions\/70"}],"up":[{"embeddable":true,"href":"https:\/\/www.connectronics.ch\/index.php?rest_route=\/wp\/v2\/pages\/39"}],"wp:attachment":[{"href":"https:\/\/www.connectronics.ch\/index.php?rest_route=%2Fwp%2Fv2%2Fmedia&parent=28"}],"curies":[{"name":"wp","href":"https:\/\/api.w.org\/{rel}","templated":true}]}}