{"id":25,"date":"2020-07-05T18:25:58","date_gmt":"2020-07-05T18:25:58","guid":{"rendered":"https:\/\/www.connectronics.ch\/?page_id=25"},"modified":"2025-08-21T10:56:57","modified_gmt":"2025-08-21T10:56:57","slug":"dienstleistungen","status":"publish","type":"page","link":"https:\/\/www.connectronics.ch\/?page_id=25","title":{"rendered":"Dienstleistungen"},"content":{"rendered":"\n<h3 class=\"wp-block-heading\">Wir erarbeiten \/ erstellen<\/h3>\n\n\n\n<ul class=\"wp-block-list\"><li>Spezifikation der Anforderungen<\/li><li>Architektur- und Strukturvorschl\u00e4ge<\/li><li>Technische Realisierungskonzepte<\/li><li>Benutzer orientierte Dokumentationen<\/li><li>Prozessbeschreibungen \/ Analysen<\/li><li>Use Cases<\/li><li>Design (UML, SA\/SD)<\/li><li>Software mit den Programmiersprachen&nbsp;<br>(C\/C++\/C#, Visual Basic .NET, Ada, Modula2, Pascal, PL\/M, div. Assembler, \u2026)<\/li><li>Real Time Anwendungen<\/li><li>Automatische Testverfahren basierend auf den NUnit, Cxx &#8211; Frameworks<\/li><li>FAT und SAT Pr\u00fcfungsunterlagen<\/li><li>f\u00fchren Pr\u00fcfungen durch<\/li><li>leiten Projekte<\/li><\/ul>\n","protected":false},"excerpt":{"rendered":"<p>Wir erarbeiten \/ erstellen Spezifikation der Anforderungen Architektur- und Strukturvorschl\u00e4ge Technische Realisierungskonzepte Benutzer orientierte Dokumentationen Prozessbeschreibungen \/ Analysen Use Cases Design (UML, SA\/SD) Software mit den Programmiersprachen&nbsp;(C\/C++\/C#, Visual Basic .NET, Ada, Modula2, Pascal, PL\/M, div. Assembler, \u2026) Real Time Anwendungen Automatische Testverfahren basierend auf den NUnit, Cxx &#8211; Frameworks FAT und SAT Pr\u00fcfungsunterlagen f\u00fchren Pr\u00fcfungen [&hellip;]<\/p>\n","protected":false},"author":1,"featured_media":0,"parent":39,"menu_order":0,"comment_status":"closed","ping_status":"closed","template":"template-parts\/template-page-builders.php","meta":{"footnotes":""},"class_list":["post-25","page","type-page","status-publish","hentry"],"_links":{"self":[{"href":"https:\/\/www.connectronics.ch\/index.php?rest_route=\/wp\/v2\/pages\/25","targetHints":{"allow":["GET"]}}],"collection":[{"href":"https:\/\/www.connectronics.ch\/index.php?rest_route=\/wp\/v2\/pages"}],"about":[{"href":"https:\/\/www.connectronics.ch\/index.php?rest_route=\/wp\/v2\/types\/page"}],"author":[{"embeddable":true,"href":"https:\/\/www.connectronics.ch\/index.php?rest_route=\/wp\/v2\/users\/1"}],"replies":[{"embeddable":true,"href":"https:\/\/www.connectronics.ch\/index.php?rest_route=%2Fwp%2Fv2%2Fcomments&post=25"}],"version-history":[{"count":1,"href":"https:\/\/www.connectronics.ch\/index.php?rest_route=\/wp\/v2\/pages\/25\/revisions"}],"predecessor-version":[{"id":27,"href":"https:\/\/www.connectronics.ch\/index.php?rest_route=\/wp\/v2\/pages\/25\/revisions\/27"}],"up":[{"embeddable":true,"href":"https:\/\/www.connectronics.ch\/index.php?rest_route=\/wp\/v2\/pages\/39"}],"wp:attachment":[{"href":"https:\/\/www.connectronics.ch\/index.php?rest_route=%2Fwp%2Fv2%2Fmedia&parent=25"}],"curies":[{"name":"wp","href":"https:\/\/api.w.org\/{rel}","templated":true}]}}