{"id":21,"date":"2020-07-05T18:25:20","date_gmt":"2020-07-05T18:25:20","guid":{"rendered":"https:\/\/www.connectronics.ch\/?page_id=21"},"modified":"2025-08-21T10:59:16","modified_gmt":"2025-08-21T10:59:16","slug":"leistungsprofil","status":"publish","type":"page","link":"https:\/\/www.connectronics.ch\/?page_id=21","title":{"rendered":"Leistungsprofil"},"content":{"rendered":"\n<h3 class=\"wp-block-heading\">Gesamtprojekte<\/h3>\n\n\n\n<p>Das connectronics-Team \u00fcbernimmt die Verantwortung f\u00fcr das Gesamtprojekt, sowie die Koordination mit den angrenzenden Schnittstellen.<\/p>\n\n\n\n<h3 class=\"wp-block-heading\">Teilprojekte<\/h3>\n\n\n\n<p>Das connectronics-Team wird im Projektteam integriert und \u00fcbernimmt eine abgegrenzte Teilaufgabe.<\/p>\n\n\n\n<h3 class=\"wp-block-heading\">Zusammenarbeit<\/h3>\n\n\n\n<p>Das  connectronics -Team stellt Mitarbeiter zur Verf\u00fcgung, welche unter der F\u00fchrung des Kunden die gew\u00fcnschte Leistung erbringen.<\/p>\n\n\n\n<h3 class=\"wp-block-heading\">Arbeitsort<\/h3>\n\n\n\n<p>Bei  connectronics GmbH oder beim Auftraggeber entsprechend Absprache und Aufgabe.<\/p>\n","protected":false},"excerpt":{"rendered":"<p>Gesamtprojekte Das connectronics-Team \u00fcbernimmt die Verantwortung f\u00fcr das Gesamtprojekt, sowie die Koordination mit den angrenzenden Schnittstellen. Teilprojekte Das connectronics-Team wird im Projektteam integriert und \u00fcbernimmt eine abgegrenzte Teilaufgabe. Zusammenarbeit Das connectronics -Team stellt Mitarbeiter zur Verf\u00fcgung, welche unter der F\u00fchrung des Kunden die gew\u00fcnschte Leistung erbringen. Arbeitsort Bei connectronics GmbH oder beim Auftraggeber entsprechend Absprache [&hellip;]<\/p>\n","protected":false},"author":1,"featured_media":0,"parent":39,"menu_order":2,"comment_status":"closed","ping_status":"closed","template":"template-parts\/template-page-builders.php","meta":{"footnotes":""},"class_list":["post-21","page","type-page","status-publish","hentry"],"_links":{"self":[{"href":"https:\/\/www.connectronics.ch\/index.php?rest_route=\/wp\/v2\/pages\/21","targetHints":{"allow":["GET"]}}],"collection":[{"href":"https:\/\/www.connectronics.ch\/index.php?rest_route=\/wp\/v2\/pages"}],"about":[{"href":"https:\/\/www.connectronics.ch\/index.php?rest_route=\/wp\/v2\/types\/page"}],"author":[{"embeddable":true,"href":"https:\/\/www.connectronics.ch\/index.php?rest_route=\/wp\/v2\/users\/1"}],"replies":[{"embeddable":true,"href":"https:\/\/www.connectronics.ch\/index.php?rest_route=%2Fwp%2Fv2%2Fcomments&post=21"}],"version-history":[{"count":1,"href":"https:\/\/www.connectronics.ch\/index.php?rest_route=\/wp\/v2\/pages\/21\/revisions"}],"predecessor-version":[{"id":23,"href":"https:\/\/www.connectronics.ch\/index.php?rest_route=\/wp\/v2\/pages\/21\/revisions\/23"}],"up":[{"embeddable":true,"href":"https:\/\/www.connectronics.ch\/index.php?rest_route=\/wp\/v2\/pages\/39"}],"wp:attachment":[{"href":"https:\/\/www.connectronics.ch\/index.php?rest_route=%2Fwp%2Fv2%2Fmedia&parent=21"}],"curies":[{"name":"wp","href":"https:\/\/api.w.org\/{rel}","templated":true}]}}