{"id":13,"date":"2020-07-05T18:21:10","date_gmt":"2020-07-05T18:21:10","guid":{"rendered":"https:\/\/www.connectronics.ch\/?page_id=13"},"modified":"2025-08-21T10:59:05","modified_gmt":"2025-08-21T10:59:05","slug":"erfahrungen-und-projekte","status":"publish","type":"page","link":"https:\/\/www.connectronics.ch\/?page_id=13","title":{"rendered":"Erfahrungen und Projekte"},"content":{"rendered":"\n<h3 class=\"wp-block-heading\">Erfahrung<\/h3>\n\n\n\n<p>Wir haben langj\u00e4hrige Erfahrung in der Entwicklung von Software und Hardware im industriellen Umfeld, von der Vorstudie \u00fcber die Projektabwicklung bis zur Inbetriebnahme und dem Troubleshooting. Wir passen uns Ihrem Entwicklungsprozess an oder gestalten diesen aktiv mit.<\/p>\n\n\n\n<h3 class=\"wp-block-heading\">Projekte<\/h3>\n\n\n\n<p>Liste einiger Projekte als Referenzen:<\/p>\n\n\n\n<ul class=\"wp-block-list\"><li>Plattformentwicklung f\u00fcr medizinische Waschautomaten<\/li><li>Anforderungsmanagement f\u00fcr ein vernetztes K\u00fcchenautomat<\/li><li>Android-Entwicklung und Anforderungsmanagement<\/li><li>Embeddedentwicklung f\u00fcr eine industrielle Steuerung<\/li><\/ul>\n\n\n\n<p><\/p>\n","protected":false},"excerpt":{"rendered":"<p>Erfahrung Wir haben langj\u00e4hrige Erfahrung in der Entwicklung von Software und Hardware im industriellen Umfeld, von der Vorstudie \u00fcber die Projektabwicklung bis zur Inbetriebnahme und dem Troubleshooting. Wir passen uns Ihrem Entwicklungsprozess an oder gestalten diesen aktiv mit. Projekte Liste einiger Projekte als Referenzen: Plattformentwicklung f\u00fcr medizinische Waschautomaten Anforderungsmanagement f\u00fcr ein vernetztes K\u00fcchenautomat Android-Entwicklung und [&hellip;]<\/p>\n","protected":false},"author":1,"featured_media":0,"parent":39,"menu_order":1,"comment_status":"closed","ping_status":"closed","template":"template-parts\/template-page-builders.php","meta":{"footnotes":""},"class_list":["post-13","page","type-page","status-publish","hentry"],"_links":{"self":[{"href":"https:\/\/www.connectronics.ch\/index.php?rest_route=\/wp\/v2\/pages\/13","targetHints":{"allow":["GET"]}}],"collection":[{"href":"https:\/\/www.connectronics.ch\/index.php?rest_route=\/wp\/v2\/pages"}],"about":[{"href":"https:\/\/www.connectronics.ch\/index.php?rest_route=\/wp\/v2\/types\/page"}],"author":[{"embeddable":true,"href":"https:\/\/www.connectronics.ch\/index.php?rest_route=\/wp\/v2\/users\/1"}],"replies":[{"embeddable":true,"href":"https:\/\/www.connectronics.ch\/index.php?rest_route=%2Fwp%2Fv2%2Fcomments&post=13"}],"version-history":[{"count":1,"href":"https:\/\/www.connectronics.ch\/index.php?rest_route=\/wp\/v2\/pages\/13\/revisions"}],"predecessor-version":[{"id":15,"href":"https:\/\/www.connectronics.ch\/index.php?rest_route=\/wp\/v2\/pages\/13\/revisions\/15"}],"up":[{"embeddable":true,"href":"https:\/\/www.connectronics.ch\/index.php?rest_route=\/wp\/v2\/pages\/39"}],"wp:attachment":[{"href":"https:\/\/www.connectronics.ch\/index.php?rest_route=%2Fwp%2Fv2%2Fmedia&parent=13"}],"curies":[{"name":"wp","href":"https:\/\/api.w.org\/{rel}","templated":true}]}}